{"id":36,"date":"2021-03-07T10:40:53","date_gmt":"2021-03-07T09:40:53","guid":{"rendered":"http:\/\/bellervoix.fr\/?page_id=36"},"modified":"2026-02-22T11:19:22","modified_gmt":"2026-02-22T10:19:22","slug":"demo-audio","status":"publish","type":"page","link":"https:\/\/bellervoix.fr\/?page_id=36","title":{"rendered":"D\u00e9mo Audio"},"content":{"rendered":"\n<h2 class=\"wp-block-heading has-text-align-center\"><strong><mark style=\"background-color:rgba(0, 0, 0, 0);color:#a39200\" class=\"has-inline-color\">Audios T\u00e9l\u00e9chargeables<\/mark><\/strong><\/h2>\n\n\n\n<figure class=\"wp-block-audio\"><audio controls src=\"https:\/\/bellervoix.fr\/wp-content\/uploads\/2026\/02\/2-Je-mappelle-Louis-29-ans.mp3\"><\/audio><figcaption class=\"wp-element-caption\"><mark style=\"background-color:rgba(0, 0, 0, 0)\" class=\"has-inline-color has-cyan-bluish-gray-color\">Podcast Historique Tour Eiffel<\/mark><\/figcaption><\/figure>\n\n\n\n<figure class=\"wp-block-audio\"><audio controls src=\"https:\/\/bellervoix.fr\/wp-content\/uploads\/2026\/02\/11-Je-mappelle-Augustin-29ans.mp3\"><\/audio><figcaption class=\"wp-element-caption\"><mark style=\"background-color:rgba(0, 0, 0, 0)\" class=\"has-inline-color has-cyan-bluish-gray-color\">Podcast Historique Louis Pasteur<\/mark><\/figcaption><\/figure>\n\n\n\n<figure class=\"wp-block-audio\"><audio controls src=\"https:\/\/bellervoix.fr\/wp-content\/uploads\/2026\/02\/01b-Leglise-saint-georges-Samuel-gosselin.mp3\"><\/audio><figcaption class=\"wp-element-caption\"><mark style=\"background-color:rgba(0, 0, 0, 0)\" class=\"has-inline-color has-cyan-bluish-gray-color\">Audioguide Ch\u00e2teau de Caen 2025 Mill\u00e9naire (personnage Cur\u00e9<\/mark>)<\/figcaption><\/figure>\n\n\n\n<figure class=\"wp-block-audio\"><audio controls src=\"https:\/\/bellervoix.fr\/wp-content\/uploads\/2026\/02\/08b-Henri-Menager.mp3\"><\/audio><figcaption class=\"wp-element-caption\"><mark style=\"background-color:rgba(0, 0, 0, 0)\" class=\"has-inline-color has-cyan-bluish-gray-color\">Audioguide Ch\u00e2teau de Caen 2025 Mill\u00e9naire (personnage Militaire) <\/mark><\/figcaption><\/figure>\n\n\n\n<figure class=\"wp-block-audio\"><audio controls src=\"https:\/\/bellervoix.fr\/wp-content\/uploads\/2023\/02\/DEMO-2021-22-instit-E-LEARNING-128.mp3\"><\/audio><figcaption class=\"wp-element-caption\"><mark style=\"background-color:rgba(0, 0, 0, 0)\" class=\"has-inline-color has-cyan-bluish-gray-color\">Institutionnel \/ e-learning  \/ Motion<\/mark><\/figcaption><\/figure>\n\n\n\n<figure class=\"wp-block-audio\"><audio controls src=\"https:\/\/bellervoix.fr\/wp-content\/uploads\/2023\/02\/DEMO-2021-22-pub-Courte-128Kb.mp3\"><\/audio><figcaption class=\"wp-element-caption\"><mark style=\"background-color:rgba(0, 0, 0, 0)\" class=\"has-inline-color has-cyan-bluish-gray-color\">Pubs<\/mark><\/figcaption><\/figure>\n\n\n\n<figure class=\"wp-block-audio\"><audio controls src=\"https:\/\/bellervoix.fr\/wp-content\/uploads\/2021\/12\/A3-Demo-Narration-Freddy-Beller-128-1-min.mp3\"><\/audio><figcaption class=\"wp-element-caption\"><mark style=\"background-color:rgba(0, 0, 0, 0)\" class=\"has-inline-color has-cyan-bluish-gray-color\">Narration 2021<\/mark><\/figcaption><\/figure>\n\n\n\n<figure class=\"wp-block-audio\"><audio controls src=\"https:\/\/bellervoix.fr\/wp-content\/uploads\/2021\/12\/A1-PUB-PARFUM-elbe-Freddy-Beller-128.mp3\"><\/audio><figcaption class=\"wp-element-caption\"><mark style=\"background-color:rgba(0, 0, 0, 0)\" class=\"has-inline-color has-cyan-bluish-gray-color\">Pub Parfum Elb\u00e9 2020 (cr\u00e9ation d\u00e9mo)<\/mark><\/figcaption><\/figure>\n\n\n\n<figure class=\"wp-block-audio\"><audio controls src=\"https:\/\/bellervoix.fr\/wp-content\/uploads\/2021\/12\/A1-PUB-MUTUEL-Artmel-Freddy-Beller-128.mp3\"><\/audio><figcaption class=\"wp-element-caption\"><mark style=\"background-color:rgba(0, 0, 0, 0)\" class=\"has-inline-color has-cyan-bluish-gray-color\">Pub Mutuelle Artmel  2020 (cr\u00e9ation d\u00e9mo) <\/mark><\/figcaption><\/figure>\n\n\n\n<figure class=\"wp-block-audio\"><audio controls src=\"https:\/\/bellervoix.fr\/wp-content\/uploads\/2021\/12\/A3-Demo-Liner-Jingle-Radio-Freddy-Beller-128.mp3\"><\/audio><figcaption class=\"wp-element-caption\"><mark style=\"background-color:rgba(0, 0, 0, 0)\" class=\"has-inline-color has-cyan-bluish-gray-color\">Jingle Liner 2020  (cr\u00e9ation d\u00e9mo) <\/mark><\/figcaption><\/figure>\n\n\n\n<figure class=\"wp-block-audio\"><audio controls src=\"https:\/\/bellervoix.fr\/wp-content\/uploads\/2021\/12\/A3-DEMO2020-TELEPHONIE-Feddy-Beller-128.mp3\"><\/audio><figcaption class=\"wp-element-caption\"><mark style=\"background-color:rgba(0, 0, 0, 0)\" class=\"has-inline-color has-cyan-bluish-gray-color\">T\u00e9l\u00e9phonie 2020  (cr\u00e9ation d\u00e9mo) <\/mark><\/figcaption><\/figure>\n\n\n\n<figure class=\"wp-block-audio\"><audio controls src=\"https:\/\/bellervoix.fr\/wp-content\/uploads\/2021\/12\/A3-DEMO2020-PUB-LOCALE-Freddy-Beller-128-1min.mp3\"><\/audio><figcaption class=\"wp-element-caption\"><mark style=\"background-color:rgba(0, 0, 0, 0)\" class=\"has-inline-color has-cyan-bluish-gray-color\">Pubs R\u00e9gionales 2020  (cr\u00e9ation d\u00e9mo) <\/mark><\/figcaption><\/figure>\n\n\n\n<p><\/p>\n","protected":false},"excerpt":{"rendered":"<p>Audios T\u00e9l\u00e9chargeables<\/p>\n","protected":false},"author":1,"featured_media":0,"parent":0,"menu_order":0,"comment_status":"closed","ping_status":"closed","template":"","meta":{"footnotes":""},"class_list":["post-36","page","type-page","status-publish","hentry"],"yoast_head":"<!-- This site is optimized with the Yoast SEO plugin v27.4 - https:\/\/yoast.com\/product\/yoast-seo-wordpress\/ -->\n<title>Freddy Beller, Voix Off Masculine en Ligne depuis mon home studio<\/title>\n<meta name=\"description\" content=\"Voix Off Masculine en Home Studio et en Ligne - Livraison Rapide\" \/>\n<meta name=\"robots\" content=\"index, follow, max-snippet:-1, max-image-preview:large, max-video-preview:-1\" \/>\n<link rel=\"canonical\" href=\"https:\/\/bellervoix.fr\/?page_id=36\" \/>\n<meta property=\"og:locale\" content=\"fr_FR\" \/>\n<meta property=\"og:type\" content=\"article\" \/>\n<meta property=\"og:title\" content=\"Freddy Beller, Voix Off Masculine en Ligne depuis mon home studio\" \/>\n<meta property=\"og:description\" content=\"Voix Off Masculine en Home Studio et en Ligne - Livraison Rapide\" \/>\n<meta property=\"og:url\" content=\"https:\/\/bellervoix.fr\/?page_id=36\" \/>\n<meta property=\"og:site_name\" content=\"Freddy Beller, Voix Off Masculine en Ligne depuis mon home studio\" \/>\n<meta property=\"article:modified_time\" content=\"2026-02-22T10:19:22+00:00\" \/>\n<meta name=\"twitter:card\" content=\"summary_large_image\" \/>\n<meta name=\"twitter:label1\" content=\"Dur\u00e9e de lecture estim\u00e9e\" \/>\n\t<meta name=\"twitter:data1\" content=\"1 minute\" \/>\n<script type=\"application\/ld+json\" class=\"yoast-schema-graph\">{\"@context\":\"https:\\\/\\\/schema.org\",\"@graph\":[{\"@type\":\"WebPage\",\"@id\":\"https:\\\/\\\/bellervoix.fr\\\/?page_id=36\",\"url\":\"https:\\\/\\\/bellervoix.fr\\\/?page_id=36\",\"name\":\"Freddy Beller, Voix Off Masculine en Ligne depuis mon home studio\",\"isPartOf\":{\"@id\":\"https:\\\/\\\/bellervoix.fr\\\/#website\"},\"datePublished\":\"2021-03-07T09:40:53+00:00\",\"dateModified\":\"2026-02-22T10:19:22+00:00\",\"description\":\"Voix Off Masculine en Home Studio et en Ligne - Livraison Rapide\",\"breadcrumb\":{\"@id\":\"https:\\\/\\\/bellervoix.fr\\\/?page_id=36#breadcrumb\"},\"inLanguage\":\"fr-FR\",\"potentialAction\":[{\"@type\":\"ReadAction\",\"target\":[\"https:\\\/\\\/bellervoix.fr\\\/?page_id=36\"]}]},{\"@type\":\"BreadcrumbList\",\"@id\":\"https:\\\/\\\/bellervoix.fr\\\/?page_id=36#breadcrumb\",\"itemListElement\":[{\"@type\":\"ListItem\",\"position\":1,\"name\":\"Accueil\",\"item\":\"https:\\\/\\\/bellervoix.fr\\\/\"},{\"@type\":\"ListItem\",\"position\":2,\"name\":\"D\u00e9mo Audio\"}]},{\"@type\":\"WebSite\",\"@id\":\"https:\\\/\\\/bellervoix.fr\\\/#website\",\"url\":\"https:\\\/\\\/bellervoix.fr\\\/\",\"name\":\"Freddy Beller, Voix Off Masculine en Ligne depuis mon home studio\",\"description\":\"French Voice Over Oneline\",\"publisher\":{\"@id\":\"https:\\\/\\\/bellervoix.fr\\\/#organization\"},\"potentialAction\":[{\"@type\":\"SearchAction\",\"target\":{\"@type\":\"EntryPoint\",\"urlTemplate\":\"https:\\\/\\\/bellervoix.fr\\\/?s={search_term_string}\"},\"query-input\":{\"@type\":\"PropertyValueSpecification\",\"valueRequired\":true,\"valueName\":\"search_term_string\"}}],\"inLanguage\":\"fr-FR\"},{\"@type\":\"Organization\",\"@id\":\"https:\\\/\\\/bellervoix.fr\\\/#organization\",\"name\":\"Freddy Beller, Voix Off Masculine en Ligne depuis mon home studio\",\"url\":\"https:\\\/\\\/bellervoix.fr\\\/\",\"logo\":{\"@type\":\"ImageObject\",\"inLanguage\":\"fr-FR\",\"@id\":\"https:\\\/\\\/bellervoix.fr\\\/#\\\/schema\\\/logo\\\/image\\\/\",\"url\":\"https:\\\/\\\/bellervoix.fr\\\/wp-content\\\/uploads\\\/2021\\\/03\\\/cropped-cropped-cropped-cropped-Logo-freddy-voix-BLANC-OR-1.png\",\"contentUrl\":\"https:\\\/\\\/bellervoix.fr\\\/wp-content\\\/uploads\\\/2021\\\/03\\\/cropped-cropped-cropped-cropped-Logo-freddy-voix-BLANC-OR-1.png\",\"width\":243,\"height\":250,\"caption\":\"Freddy Beller, Voix Off Masculine en Ligne depuis mon home studio\"},\"image\":{\"@id\":\"https:\\\/\\\/bellervoix.fr\\\/#\\\/schema\\\/logo\\\/image\\\/\"}}]}<\/script>\n<!-- \/ Yoast SEO plugin. -->","yoast_head_json":{"title":"Freddy Beller, Voix Off Masculine en Ligne depuis mon home studio","description":"Voix Off Masculine en Home Studio et en Ligne - Livraison Rapide","robots":{"index":"index","follow":"follow","max-snippet":"max-snippet:-1","max-image-preview":"max-image-preview:large","max-video-preview":"max-video-preview:-1"},"canonical":"https:\/\/bellervoix.fr\/?page_id=36","og_locale":"fr_FR","og_type":"article","og_title":"Freddy Beller, Voix Off Masculine en Ligne depuis mon home studio","og_description":"Voix Off Masculine en Home Studio et en Ligne - Livraison Rapide","og_url":"https:\/\/bellervoix.fr\/?page_id=36","og_site_name":"Freddy Beller, Voix Off Masculine en Ligne depuis mon home studio","article_modified_time":"2026-02-22T10:19:22+00:00","twitter_card":"summary_large_image","twitter_misc":{"Dur\u00e9e de lecture estim\u00e9e":"1 minute"},"schema":{"@context":"https:\/\/schema.org","@graph":[{"@type":"WebPage","@id":"https:\/\/bellervoix.fr\/?page_id=36","url":"https:\/\/bellervoix.fr\/?page_id=36","name":"Freddy Beller, Voix Off Masculine en Ligne depuis mon home studio","isPartOf":{"@id":"https:\/\/bellervoix.fr\/#website"},"datePublished":"2021-03-07T09:40:53+00:00","dateModified":"2026-02-22T10:19:22+00:00","description":"Voix Off Masculine en Home Studio et en Ligne - Livraison Rapide","breadcrumb":{"@id":"https:\/\/bellervoix.fr\/?page_id=36#breadcrumb"},"inLanguage":"fr-FR","potentialAction":[{"@type":"ReadAction","target":["https:\/\/bellervoix.fr\/?page_id=36"]}]},{"@type":"BreadcrumbList","@id":"https:\/\/bellervoix.fr\/?page_id=36#breadcrumb","itemListElement":[{"@type":"ListItem","position":1,"name":"Accueil","item":"https:\/\/bellervoix.fr\/"},{"@type":"ListItem","position":2,"name":"D\u00e9mo Audio"}]},{"@type":"WebSite","@id":"https:\/\/bellervoix.fr\/#website","url":"https:\/\/bellervoix.fr\/","name":"Freddy Beller, Voix Off Masculine en Ligne depuis mon home studio","description":"French Voice Over Oneline","publisher":{"@id":"https:\/\/bellervoix.fr\/#organization"},"potentialAction":[{"@type":"SearchAction","target":{"@type":"EntryPoint","urlTemplate":"https:\/\/bellervoix.fr\/?s={search_term_string}"},"query-input":{"@type":"PropertyValueSpecification","valueRequired":true,"valueName":"search_term_string"}}],"inLanguage":"fr-FR"},{"@type":"Organization","@id":"https:\/\/bellervoix.fr\/#organization","name":"Freddy Beller, Voix Off Masculine en Ligne depuis mon home studio","url":"https:\/\/bellervoix.fr\/","logo":{"@type":"ImageObject","inLanguage":"fr-FR","@id":"https:\/\/bellervoix.fr\/#\/schema\/logo\/image\/","url":"https:\/\/bellervoix.fr\/wp-content\/uploads\/2021\/03\/cropped-cropped-cropped-cropped-Logo-freddy-voix-BLANC-OR-1.png","contentUrl":"https:\/\/bellervoix.fr\/wp-content\/uploads\/2021\/03\/cropped-cropped-cropped-cropped-Logo-freddy-voix-BLANC-OR-1.png","width":243,"height":250,"caption":"Freddy Beller, Voix Off Masculine en Ligne depuis mon home studio"},"image":{"@id":"https:\/\/bellervoix.fr\/#\/schema\/logo\/image\/"}}]}},"_links":{"self":[{"href":"https:\/\/bellervoix.fr\/index.php?rest_route=\/wp\/v2\/pages\/36","targetHints":{"allow":["GET"]}}],"collection":[{"href":"https:\/\/bellervoix.fr\/index.php?rest_route=\/wp\/v2\/pages"}],"about":[{"href":"https:\/\/bellervoix.fr\/index.php?rest_route=\/wp\/v2\/types\/page"}],"author":[{"embeddable":true,"href":"https:\/\/bellervoix.fr\/index.php?rest_route=\/wp\/v2\/users\/1"}],"replies":[{"embeddable":true,"href":"https:\/\/bellervoix.fr\/index.php?rest_route=%2Fwp%2Fv2%2Fcomments&post=36"}],"version-history":[{"count":99,"href":"https:\/\/bellervoix.fr\/index.php?rest_route=\/wp\/v2\/pages\/36\/revisions"}],"predecessor-version":[{"id":1092,"href":"https:\/\/bellervoix.fr\/index.php?rest_route=\/wp\/v2\/pages\/36\/revisions\/1092"}],"wp:attachment":[{"href":"https:\/\/bellervoix.fr\/index.php?rest_route=%2Fwp%2Fv2%2Fmedia&parent=36"}],"curies":[{"name":"wp","href":"https:\/\/api.w.org\/{rel}","templated":true}]}}