{"id":34,"date":"2021-03-07T10:40:53","date_gmt":"2021-03-07T09:40:53","guid":{"rendered":"http:\/\/bellervoix.fr\/?page_id=34"},"modified":"2022-01-11T14:57:13","modified_gmt":"2022-01-11T13:57:13","slug":"voix-off-homme-masculine","status":"publish","type":"page","link":"https:\/\/bellervoix.fr\/","title":{"rendered":"Bienvenue !"},"content":{"rendered":"\n<div style=\"height:40px\" aria-hidden=\"true\" class=\"wp-block-spacer\"><\/div>\n\n\n\n<p>Ma Voix M\u00e9dium Grave est pr\u00eate \u00e0 sublimer vos mots<span style=\"color:#a39200\" class=\"has-inline-color\">  <\/span>depuis mon Home Studio: livraison rapide, tarifs modulables\u2026<\/p>\n\n\n\n<p>Ci-dessous,  quelques <span style=\"color:#a39200\" class=\"has-inline-color\"><strong>Vid\u00e9os<\/strong><\/span>, et d\u00e9mos <span style=\"color:#a39200\" class=\"has-inline-color\"><strong>Audios t\u00e9l\u00e9chargeables<\/strong><\/span>.<\/p>\n\n\n\n<p style=\"line-height:1\"><\/p>\n\n\n\n<div style=\"height:64px\" aria-hidden=\"true\" class=\"wp-block-spacer\"><\/div>\n\n\n\n<p><\/p>\n\r\n","protected":false},"excerpt":{"rendered":"<p>Ma Voix M\u00e9dium Grave est pr\u00eate \u00e0 sublimer vos mots depuis mon Home Studio: livraison rapide, tarifs modulables\u2026 Ci-dessous, quelques Vid\u00e9os, et d\u00e9mos Audios t\u00e9l\u00e9chargeables.<\/p>\n","protected":false},"author":1,"featured_media":0,"parent":0,"menu_order":0,"comment_status":"closed","ping_status":"closed","template":"","meta":{"footnotes":""},"class_list":["post-34","page","type-page","status-publish","hentry"],"yoast_head":"<!-- This site is optimized with the Yoast SEO plugin v27.3 - https:\/\/yoast.com\/product\/yoast-seo-wordpress\/ -->\n<title>Freddy Beller, Voix Off Masculine en Ligne depuis mon home studio<\/title>\n<meta name=\"description\" content=\"Voix Off Masculine en Home Studio et en Ligne - Livraison Rapide\" \/>\n<meta name=\"robots\" content=\"index, follow, max-snippet:-1, max-image-preview:large, max-video-preview:-1\" \/>\n<link rel=\"canonical\" href=\"https:\/\/bellervoix.fr\/\" \/>\n<meta property=\"og:locale\" content=\"fr_FR\" \/>\n<meta property=\"og:type\" content=\"article\" \/>\n<meta property=\"og:title\" content=\"Freddy Beller, Voix Off Masculine en Ligne depuis mon home studio\" \/>\n<meta property=\"og:description\" content=\"Voix Off Masculine en Home Studio et en Ligne - Livraison Rapide\" \/>\n<meta property=\"og:url\" content=\"https:\/\/bellervoix.fr\/\" \/>\n<meta property=\"og:site_name\" content=\"Freddy Beller, Voix Off Masculine en Ligne depuis mon home studio\" \/>\n<meta property=\"article:modified_time\" content=\"2022-01-11T13:57:13+00:00\" \/>\n<meta name=\"twitter:card\" content=\"summary_large_image\" \/>\n<meta name=\"twitter:label1\" content=\"Dur\u00e9e de lecture estim\u00e9e\" \/>\n\t<meta name=\"twitter:data1\" content=\"1 minute\" \/>\n<script type=\"application\/ld+json\" class=\"yoast-schema-graph\">{\"@context\":\"https:\\\/\\\/schema.org\",\"@graph\":[{\"@type\":\"WebPage\",\"@id\":\"https:\\\/\\\/bellervoix.fr\\\/\",\"url\":\"https:\\\/\\\/bellervoix.fr\\\/\",\"name\":\"Freddy Beller, Voix Off Masculine en Ligne depuis mon home studio\",\"isPartOf\":{\"@id\":\"https:\\\/\\\/bellervoix.fr\\\/#website\"},\"datePublished\":\"2021-03-07T09:40:53+00:00\",\"dateModified\":\"2022-01-11T13:57:13+00:00\",\"description\":\"Voix Off Masculine en Home Studio et en Ligne - Livraison Rapide\",\"breadcrumb\":{\"@id\":\"https:\\\/\\\/bellervoix.fr\\\/#breadcrumb\"},\"inLanguage\":\"fr-FR\",\"potentialAction\":[{\"@type\":\"ReadAction\",\"target\":[\"https:\\\/\\\/bellervoix.fr\\\/\"]}]},{\"@type\":\"BreadcrumbList\",\"@id\":\"https:\\\/\\\/bellervoix.fr\\\/#breadcrumb\",\"itemListElement\":[{\"@type\":\"ListItem\",\"position\":1,\"name\":\"Accueil\",\"item\":\"https:\\\/\\\/bellervoix.fr\\\/\"},{\"@type\":\"ListItem\",\"position\":2,\"name\":\"Bienvenue !\"}]},{\"@type\":\"WebSite\",\"@id\":\"https:\\\/\\\/bellervoix.fr\\\/#website\",\"url\":\"https:\\\/\\\/bellervoix.fr\\\/\",\"name\":\"Freddy Beller, Voix Off Masculine en Ligne depuis mon home studio\",\"description\":\"French Voice Over Oneline\",\"publisher\":{\"@id\":\"https:\\\/\\\/bellervoix.fr\\\/#organization\"},\"potentialAction\":[{\"@type\":\"SearchAction\",\"target\":{\"@type\":\"EntryPoint\",\"urlTemplate\":\"https:\\\/\\\/bellervoix.fr\\\/?s={search_term_string}\"},\"query-input\":{\"@type\":\"PropertyValueSpecification\",\"valueRequired\":true,\"valueName\":\"search_term_string\"}}],\"inLanguage\":\"fr-FR\"},{\"@type\":\"Organization\",\"@id\":\"https:\\\/\\\/bellervoix.fr\\\/#organization\",\"name\":\"Freddy Beller, Voix Off Masculine en Ligne depuis mon home studio\",\"url\":\"https:\\\/\\\/bellervoix.fr\\\/\",\"logo\":{\"@type\":\"ImageObject\",\"inLanguage\":\"fr-FR\",\"@id\":\"https:\\\/\\\/bellervoix.fr\\\/#\\\/schema\\\/logo\\\/image\\\/\",\"url\":\"https:\\\/\\\/bellervoix.fr\\\/wp-content\\\/uploads\\\/2021\\\/03\\\/cropped-cropped-cropped-cropped-Logo-freddy-voix-BLANC-OR-1.png\",\"contentUrl\":\"https:\\\/\\\/bellervoix.fr\\\/wp-content\\\/uploads\\\/2021\\\/03\\\/cropped-cropped-cropped-cropped-Logo-freddy-voix-BLANC-OR-1.png\",\"width\":243,\"height\":250,\"caption\":\"Freddy Beller, Voix Off Masculine en Ligne depuis mon home studio\"},\"image\":{\"@id\":\"https:\\\/\\\/bellervoix.fr\\\/#\\\/schema\\\/logo\\\/image\\\/\"}}]}<\/script>\n<!-- \/ Yoast SEO plugin. -->","yoast_head_json":{"title":"Freddy Beller, Voix Off Masculine en Ligne depuis mon home studio","description":"Voix Off Masculine en Home Studio et en Ligne - Livraison Rapide","robots":{"index":"index","follow":"follow","max-snippet":"max-snippet:-1","max-image-preview":"max-image-preview:large","max-video-preview":"max-video-preview:-1"},"canonical":"https:\/\/bellervoix.fr\/","og_locale":"fr_FR","og_type":"article","og_title":"Freddy Beller, Voix Off Masculine en Ligne depuis mon home studio","og_description":"Voix Off Masculine en Home Studio et en Ligne - Livraison Rapide","og_url":"https:\/\/bellervoix.fr\/","og_site_name":"Freddy Beller, Voix Off Masculine en Ligne depuis mon home studio","article_modified_time":"2022-01-11T13:57:13+00:00","twitter_card":"summary_large_image","twitter_misc":{"Dur\u00e9e de lecture estim\u00e9e":"1 minute"},"schema":{"@context":"https:\/\/schema.org","@graph":[{"@type":"WebPage","@id":"https:\/\/bellervoix.fr\/","url":"https:\/\/bellervoix.fr\/","name":"Freddy Beller, Voix Off Masculine en Ligne depuis mon home studio","isPartOf":{"@id":"https:\/\/bellervoix.fr\/#website"},"datePublished":"2021-03-07T09:40:53+00:00","dateModified":"2022-01-11T13:57:13+00:00","description":"Voix Off Masculine en Home Studio et en Ligne - Livraison Rapide","breadcrumb":{"@id":"https:\/\/bellervoix.fr\/#breadcrumb"},"inLanguage":"fr-FR","potentialAction":[{"@type":"ReadAction","target":["https:\/\/bellervoix.fr\/"]}]},{"@type":"BreadcrumbList","@id":"https:\/\/bellervoix.fr\/#breadcrumb","itemListElement":[{"@type":"ListItem","position":1,"name":"Accueil","item":"https:\/\/bellervoix.fr\/"},{"@type":"ListItem","position":2,"name":"Bienvenue !"}]},{"@type":"WebSite","@id":"https:\/\/bellervoix.fr\/#website","url":"https:\/\/bellervoix.fr\/","name":"Freddy Beller, Voix Off Masculine en Ligne depuis mon home studio","description":"French Voice Over Oneline","publisher":{"@id":"https:\/\/bellervoix.fr\/#organization"},"potentialAction":[{"@type":"SearchAction","target":{"@type":"EntryPoint","urlTemplate":"https:\/\/bellervoix.fr\/?s={search_term_string}"},"query-input":{"@type":"PropertyValueSpecification","valueRequired":true,"valueName":"search_term_string"}}],"inLanguage":"fr-FR"},{"@type":"Organization","@id":"https:\/\/bellervoix.fr\/#organization","name":"Freddy Beller, Voix Off Masculine en Ligne depuis mon home studio","url":"https:\/\/bellervoix.fr\/","logo":{"@type":"ImageObject","inLanguage":"fr-FR","@id":"https:\/\/bellervoix.fr\/#\/schema\/logo\/image\/","url":"https:\/\/bellervoix.fr\/wp-content\/uploads\/2021\/03\/cropped-cropped-cropped-cropped-Logo-freddy-voix-BLANC-OR-1.png","contentUrl":"https:\/\/bellervoix.fr\/wp-content\/uploads\/2021\/03\/cropped-cropped-cropped-cropped-Logo-freddy-voix-BLANC-OR-1.png","width":243,"height":250,"caption":"Freddy Beller, Voix Off Masculine en Ligne depuis mon home studio"},"image":{"@id":"https:\/\/bellervoix.fr\/#\/schema\/logo\/image\/"}}]}},"_links":{"self":[{"href":"https:\/\/bellervoix.fr\/index.php?rest_route=\/wp\/v2\/pages\/34","targetHints":{"allow":["GET"]}}],"collection":[{"href":"https:\/\/bellervoix.fr\/index.php?rest_route=\/wp\/v2\/pages"}],"about":[{"href":"https:\/\/bellervoix.fr\/index.php?rest_route=\/wp\/v2\/types\/page"}],"author":[{"embeddable":true,"href":"https:\/\/bellervoix.fr\/index.php?rest_route=\/wp\/v2\/users\/1"}],"replies":[{"embeddable":true,"href":"https:\/\/bellervoix.fr\/index.php?rest_route=%2Fwp%2Fv2%2Fcomments&post=34"}],"version-history":[{"count":58,"href":"https:\/\/bellervoix.fr\/index.php?rest_route=\/wp\/v2\/pages\/34\/revisions"}],"predecessor-version":[{"id":893,"href":"https:\/\/bellervoix.fr\/index.php?rest_route=\/wp\/v2\/pages\/34\/revisions\/893"}],"wp:attachment":[{"href":"https:\/\/bellervoix.fr\/index.php?rest_route=%2Fwp%2Fv2%2Fmedia&parent=34"}],"curies":[{"name":"wp","href":"https:\/\/api.w.org\/{rel}","templated":true}]}}