{"id":278,"date":"2021-03-11T12:55:00","date_gmt":"2021-03-11T11:55:00","guid":{"rendered":"https:\/\/bellervoix.fr\/?page_id=278"},"modified":"2026-02-22T10:52:53","modified_gmt":"2026-02-22T09:52:53","slug":"video","status":"publish","type":"page","link":"https:\/\/bellervoix.fr\/?page_id=278","title":{"rendered":"D\u00e9mo Vid\u00e9o"},"content":{"rendered":"\n<figure class=\"wp-block-video\"><video height=\"1080\" style=\"aspect-ratio: 1920 \/ 1080;\" width=\"1920\" controls src=\"https:\/\/bellervoix.fr\/wp-content\/uploads\/2026\/02\/Pokemon-les-horizons-\u2013-saison-3-Les-ailes-de-lespoir-Disponible-sur-M6.mp4\"><\/video><figcaption class=\"wp-element-caption\"><mark style=\"background-color:rgba(0, 0, 0, 0)\" class=\"has-inline-color has-cyan-bluish-gray-color\">Pub TV 2026 (France)<\/mark><\/figcaption><\/figure>\n\n\n\n<figure class=\"wp-block-video\"><video height=\"1080\" style=\"aspect-ratio: 1920 \/ 1080;\" width=\"1920\" controls src=\"https:\/\/bellervoix.fr\/wp-content\/uploads\/2026\/02\/Bruxelles-fait-son-cinema-2025.mp4\"><\/video><figcaption class=\"wp-element-caption\"><mark style=\"background-color:rgba(0, 0, 0, 0)\" class=\"has-inline-color has-cyan-bluish-gray-color\"><mark style=\"background-color:rgba(0, 0, 0, 0)\" class=\"has-inline-color has-cyan-bluish-gray-color\">Pub TV 2025 (Belgique)<\/mark><\/mark><\/figcaption><\/figure>\n\n\n\n<figure class=\"wp-block-video\"><video height=\"1080\" style=\"aspect-ratio: 1920 \/ 1080;\" width=\"1920\" controls src=\"https:\/\/bellervoix.fr\/wp-content\/uploads\/2026\/02\/Bruxelles-fait-son-cinema-2024.mp4\"><\/video><figcaption class=\"wp-element-caption\"><mark style=\"background-color:rgba(0, 0, 0, 0)\" class=\"has-inline-color has-cyan-bluish-gray-color\"><mark style=\"background-color:rgba(0, 0, 0, 0)\" class=\"has-inline-color has-cyan-bluish-gray-color\">Pub TV 2024 (Belgique)<\/mark><\/mark><\/figcaption><\/figure>\n\n\n\n<figure class=\"wp-block-video\"><video height=\"1080\" style=\"aspect-ratio: 1920 \/ 1080;\" width=\"1920\" controls src=\"https:\/\/bellervoix.fr\/wp-content\/uploads\/2023\/11\/FlamCo-v2.mp4\"><\/video><figcaption class=\"wp-element-caption\"><mark style=\"background-color:rgba(0, 0, 0, 0)\" class=\"has-inline-color has-cyan-bluish-gray-color\"><mark style=\"background-color:rgba(0, 0, 0, 0)\" class=\"has-inline-color has-cyan-bluish-gray-color\">Pub Cin\u00e9 2023 (France)<\/mark><\/mark><\/figcaption><\/figure>\n\n\n\n<figure class=\"wp-block-video\"><video height=\"720\" style=\"aspect-ratio: 1280 \/ 720;\" width=\"1280\" controls src=\"https:\/\/bellervoix.fr\/wp-content\/uploads\/2023\/10\/Realisation-2022-1-HD.mp4\"><\/video><figcaption class=\"wp-element-caption\"><mark style=\"background-color:rgba(0, 0, 0, 0)\" class=\"has-inline-color has-cyan-bluish-gray-color\">R\u00e9alisations 2022<\/mark><\/figcaption><\/figure>\n\n\n\n<figure class=\"wp-block-video\"><video height=\"360\" style=\"aspect-ratio: 640 \/ 360;\" width=\"640\" controls src=\"https:\/\/bellervoix.fr\/wp-content\/uploads\/2023\/10\/Voix-Posee-SD-480-p.mov\"><\/video><figcaption class=\"wp-element-caption\"><mark style=\"background-color:rgba(0, 0, 0, 0)\" class=\"has-inline-color has-cyan-bluish-gray-color\">Voix Pos\u00e9e<\/mark><\/figcaption><\/figure>\n\n\n\n<figure class=\"wp-block-video\"><video height=\"242\" style=\"aspect-ratio: 428 \/ 242;\" width=\"428\" controls src=\"https:\/\/bellervoix.fr\/wp-content\/uploads\/2021\/03\/DEMO-VIDEO-Petite.mov\"><\/video><figcaption class=\"wp-element-caption\"><mark style=\"background-color:rgba(0, 0, 0, 0)\" class=\"has-inline-color has-cyan-bluish-gray-color\">D\u00e9mo Vid\u00e9o (cr\u00e9ation -d\u00e9mo)<\/mark><\/figcaption><\/figure>\n","protected":false},"excerpt":{"rendered":"","protected":false},"author":1,"featured_media":0,"parent":0,"menu_order":0,"comment_status":"closed","ping_status":"closed","template":"","meta":{"footnotes":""},"class_list":["post-278","page","type-page","status-publish","hentry"],"yoast_head":"<!-- This site is optimized with the Yoast SEO plugin v27.3 - https:\/\/yoast.com\/product\/yoast-seo-wordpress\/ -->\n<title>Freddy Beller, Voix Off Masculine en Ligne depuis mon home studio<\/title>\n<meta name=\"description\" content=\"Voix Off Masculine en Home Studio et en Ligne - Livraison Rapide\" \/>\n<meta name=\"robots\" content=\"index, follow, max-snippet:-1, max-image-preview:large, max-video-preview:-1\" \/>\n<link rel=\"canonical\" href=\"https:\/\/bellervoix.fr\/?page_id=278\" \/>\n<meta property=\"og:locale\" content=\"fr_FR\" \/>\n<meta property=\"og:type\" content=\"article\" \/>\n<meta property=\"og:title\" content=\"Freddy Beller, Voix Off Masculine en Ligne depuis mon home studio\" \/>\n<meta property=\"og:description\" content=\"Voix Off Masculine en Home Studio et en Ligne - Livraison Rapide\" \/>\n<meta property=\"og:url\" content=\"https:\/\/bellervoix.fr\/?page_id=278\" \/>\n<meta property=\"og:site_name\" content=\"Freddy Beller, Voix Off Masculine en Ligne depuis mon home studio\" \/>\n<meta property=\"article:modified_time\" content=\"2026-02-22T09:52:53+00:00\" \/>\n<meta name=\"twitter:card\" content=\"summary_large_image\" \/>\n<meta name=\"twitter:label1\" content=\"Dur\u00e9e de lecture estim\u00e9e\" \/>\n\t<meta name=\"twitter:data1\" content=\"1 minute\" \/>\n<script type=\"application\/ld+json\" class=\"yoast-schema-graph\">{\"@context\":\"https:\\\/\\\/schema.org\",\"@graph\":[{\"@type\":\"WebPage\",\"@id\":\"https:\\\/\\\/bellervoix.fr\\\/?page_id=278\",\"url\":\"https:\\\/\\\/bellervoix.fr\\\/?page_id=278\",\"name\":\"Freddy Beller, Voix Off Masculine en Ligne depuis mon home studio\",\"isPartOf\":{\"@id\":\"https:\\\/\\\/bellervoix.fr\\\/#website\"},\"datePublished\":\"2021-03-11T11:55:00+00:00\",\"dateModified\":\"2026-02-22T09:52:53+00:00\",\"description\":\"Voix Off Masculine en Home Studio et en Ligne - Livraison Rapide\",\"breadcrumb\":{\"@id\":\"https:\\\/\\\/bellervoix.fr\\\/?page_id=278#breadcrumb\"},\"inLanguage\":\"fr-FR\",\"potentialAction\":[{\"@type\":\"ReadAction\",\"target\":[\"https:\\\/\\\/bellervoix.fr\\\/?page_id=278\"]}]},{\"@type\":\"BreadcrumbList\",\"@id\":\"https:\\\/\\\/bellervoix.fr\\\/?page_id=278#breadcrumb\",\"itemListElement\":[{\"@type\":\"ListItem\",\"position\":1,\"name\":\"Accueil\",\"item\":\"https:\\\/\\\/bellervoix.fr\\\/\"},{\"@type\":\"ListItem\",\"position\":2,\"name\":\"D\u00e9mo Vid\u00e9o\"}]},{\"@type\":\"WebSite\",\"@id\":\"https:\\\/\\\/bellervoix.fr\\\/#website\",\"url\":\"https:\\\/\\\/bellervoix.fr\\\/\",\"name\":\"Freddy Beller, Voix Off Masculine en Ligne depuis mon home studio\",\"description\":\"French Voice Over Oneline\",\"publisher\":{\"@id\":\"https:\\\/\\\/bellervoix.fr\\\/#organization\"},\"potentialAction\":[{\"@type\":\"SearchAction\",\"target\":{\"@type\":\"EntryPoint\",\"urlTemplate\":\"https:\\\/\\\/bellervoix.fr\\\/?s={search_term_string}\"},\"query-input\":{\"@type\":\"PropertyValueSpecification\",\"valueRequired\":true,\"valueName\":\"search_term_string\"}}],\"inLanguage\":\"fr-FR\"},{\"@type\":\"Organization\",\"@id\":\"https:\\\/\\\/bellervoix.fr\\\/#organization\",\"name\":\"Freddy Beller, Voix Off Masculine en Ligne depuis mon home studio\",\"url\":\"https:\\\/\\\/bellervoix.fr\\\/\",\"logo\":{\"@type\":\"ImageObject\",\"inLanguage\":\"fr-FR\",\"@id\":\"https:\\\/\\\/bellervoix.fr\\\/#\\\/schema\\\/logo\\\/image\\\/\",\"url\":\"https:\\\/\\\/bellervoix.fr\\\/wp-content\\\/uploads\\\/2021\\\/03\\\/cropped-cropped-cropped-cropped-Logo-freddy-voix-BLANC-OR-1.png\",\"contentUrl\":\"https:\\\/\\\/bellervoix.fr\\\/wp-content\\\/uploads\\\/2021\\\/03\\\/cropped-cropped-cropped-cropped-Logo-freddy-voix-BLANC-OR-1.png\",\"width\":243,\"height\":250,\"caption\":\"Freddy Beller, Voix Off Masculine en Ligne depuis mon home studio\"},\"image\":{\"@id\":\"https:\\\/\\\/bellervoix.fr\\\/#\\\/schema\\\/logo\\\/image\\\/\"}}]}<\/script>\n<!-- \/ Yoast SEO plugin. -->","yoast_head_json":{"title":"Freddy Beller, Voix Off Masculine en Ligne depuis mon home studio","description":"Voix Off Masculine en Home Studio et en Ligne - Livraison Rapide","robots":{"index":"index","follow":"follow","max-snippet":"max-snippet:-1","max-image-preview":"max-image-preview:large","max-video-preview":"max-video-preview:-1"},"canonical":"https:\/\/bellervoix.fr\/?page_id=278","og_locale":"fr_FR","og_type":"article","og_title":"Freddy Beller, Voix Off Masculine en Ligne depuis mon home studio","og_description":"Voix Off Masculine en Home Studio et en Ligne - Livraison Rapide","og_url":"https:\/\/bellervoix.fr\/?page_id=278","og_site_name":"Freddy Beller, Voix Off Masculine en Ligne depuis mon home studio","article_modified_time":"2026-02-22T09:52:53+00:00","twitter_card":"summary_large_image","twitter_misc":{"Dur\u00e9e de lecture estim\u00e9e":"1 minute"},"schema":{"@context":"https:\/\/schema.org","@graph":[{"@type":"WebPage","@id":"https:\/\/bellervoix.fr\/?page_id=278","url":"https:\/\/bellervoix.fr\/?page_id=278","name":"Freddy Beller, Voix Off Masculine en Ligne depuis mon home studio","isPartOf":{"@id":"https:\/\/bellervoix.fr\/#website"},"datePublished":"2021-03-11T11:55:00+00:00","dateModified":"2026-02-22T09:52:53+00:00","description":"Voix Off Masculine en Home Studio et en Ligne - Livraison Rapide","breadcrumb":{"@id":"https:\/\/bellervoix.fr\/?page_id=278#breadcrumb"},"inLanguage":"fr-FR","potentialAction":[{"@type":"ReadAction","target":["https:\/\/bellervoix.fr\/?page_id=278"]}]},{"@type":"BreadcrumbList","@id":"https:\/\/bellervoix.fr\/?page_id=278#breadcrumb","itemListElement":[{"@type":"ListItem","position":1,"name":"Accueil","item":"https:\/\/bellervoix.fr\/"},{"@type":"ListItem","position":2,"name":"D\u00e9mo Vid\u00e9o"}]},{"@type":"WebSite","@id":"https:\/\/bellervoix.fr\/#website","url":"https:\/\/bellervoix.fr\/","name":"Freddy Beller, Voix Off Masculine en Ligne depuis mon home studio","description":"French Voice Over Oneline","publisher":{"@id":"https:\/\/bellervoix.fr\/#organization"},"potentialAction":[{"@type":"SearchAction","target":{"@type":"EntryPoint","urlTemplate":"https:\/\/bellervoix.fr\/?s={search_term_string}"},"query-input":{"@type":"PropertyValueSpecification","valueRequired":true,"valueName":"search_term_string"}}],"inLanguage":"fr-FR"},{"@type":"Organization","@id":"https:\/\/bellervoix.fr\/#organization","name":"Freddy Beller, Voix Off Masculine en Ligne depuis mon home studio","url":"https:\/\/bellervoix.fr\/","logo":{"@type":"ImageObject","inLanguage":"fr-FR","@id":"https:\/\/bellervoix.fr\/#\/schema\/logo\/image\/","url":"https:\/\/bellervoix.fr\/wp-content\/uploads\/2021\/03\/cropped-cropped-cropped-cropped-Logo-freddy-voix-BLANC-OR-1.png","contentUrl":"https:\/\/bellervoix.fr\/wp-content\/uploads\/2021\/03\/cropped-cropped-cropped-cropped-Logo-freddy-voix-BLANC-OR-1.png","width":243,"height":250,"caption":"Freddy Beller, Voix Off Masculine en Ligne depuis mon home studio"},"image":{"@id":"https:\/\/bellervoix.fr\/#\/schema\/logo\/image\/"}}]}},"_links":{"self":[{"href":"https:\/\/bellervoix.fr\/index.php?rest_route=\/wp\/v2\/pages\/278","targetHints":{"allow":["GET"]}}],"collection":[{"href":"https:\/\/bellervoix.fr\/index.php?rest_route=\/wp\/v2\/pages"}],"about":[{"href":"https:\/\/bellervoix.fr\/index.php?rest_route=\/wp\/v2\/types\/page"}],"author":[{"embeddable":true,"href":"https:\/\/bellervoix.fr\/index.php?rest_route=\/wp\/v2\/users\/1"}],"replies":[{"embeddable":true,"href":"https:\/\/bellervoix.fr\/index.php?rest_route=%2Fwp%2Fv2%2Fcomments&post=278"}],"version-history":[{"count":70,"href":"https:\/\/bellervoix.fr\/index.php?rest_route=\/wp\/v2\/pages\/278\/revisions"}],"predecessor-version":[{"id":1079,"href":"https:\/\/bellervoix.fr\/index.php?rest_route=\/wp\/v2\/pages\/278\/revisions\/1079"}],"wp:attachment":[{"href":"https:\/\/bellervoix.fr\/index.php?rest_route=%2Fwp%2Fv2%2Fmedia&parent=278"}],"curies":[{"name":"wp","href":"https:\/\/api.w.org\/{rel}","templated":true}]}}